{"id":4158,"date":"2026-01-21T18:35:08","date_gmt":"2026-01-22T00:35:08","guid":{"rendered":"https:\/\/unrincondemexico.com\/?post_type=product&#038;p=4158"},"modified":"2026-01-21T18:43:07","modified_gmt":"2026-01-22T00:43:07","slug":"guayabera-juvenil-jardin","status":"publish","type":"product","link":"https:\/\/unrincondemexico.com\/en\/product\/guayabera-juvenil-jardin\/","title":{"rendered":"Guayabera Juvenil Jard\u00edn"},"content":{"rendered":"<p>Guayabera Manga Larga<\/p>\n<p>Cuello Mao<\/p>\n<p>Lino\/ Bordado a Mano<\/p>\n<p>talla 12<\/p>\n<p>Al ser un producto <strong>100% artesanal,<\/strong> no existen dos piezas id\u00e9nticas. Tu articulo podr\u00eda tener peque\u00f1as diferencias, pero mantendr\u00e1 los mismos colores y estilo que la pieza mostrada.<\/p>\n<p><strong>Cada creaci\u00f3n es \u00fanica y echa especialmente para ti<\/strong><\/p>","protected":false},"excerpt":{"rendered":"<p>Guayabera Manga Larga Cuello Mao Lino\/ Bordado a Mano talla 12 Al ser un producto 100% artesanal, no existen dos piezas id\u00e9nticas. Tu articulo podr\u00eda tener peque\u00f1as diferencias, pero mantendr\u00e1 los mismos colores y estilo que la pieza mostrada. Cada creaci\u00f3n es \u00fanica y echa especialmente para ti<\/p>","protected":false},"featured_media":4159,"comment_status":"closed","ping_status":"closed","template":"","meta":{"_acf_changed":false,"_joinchat":[]},"product_brand":[],"product_cat":[31],"product_tag":[41,144,116,114,34,35],"class_list":{"0":"post-4158","1":"product","2":"type-product","3":"status-publish","4":"has-post-thumbnail","6":"product_cat-guayaberas","7":"product_tag-guayabera","8":"product_tag-guayabera-bordada","9":"product_tag-guayabera-de-lino","10":"product_tag-guayaberas","11":"product_tag-mexicano","12":"product_tag-ropa-artesanal","14":"first","15":"instock","16":"shipping-taxable","17":"purchasable","18":"product-type-simple"},"acf":[],"_links":{"self":[{"href":"https:\/\/unrincondemexico.com\/en\/wp-json\/wp\/v2\/product\/4158","targetHints":{"allow":["GET"]}}],"collection":[{"href":"https:\/\/unrincondemexico.com\/en\/wp-json\/wp\/v2\/product"}],"about":[{"href":"https:\/\/unrincondemexico.com\/en\/wp-json\/wp\/v2\/types\/product"}],"replies":[{"embeddable":true,"href":"https:\/\/unrincondemexico.com\/en\/wp-json\/wp\/v2\/comments?post=4158"}],"wp:featuredmedia":[{"embeddable":true,"href":"https:\/\/unrincondemexico.com\/en\/wp-json\/wp\/v2\/media\/4159"}],"wp:attachment":[{"href":"https:\/\/unrincondemexico.com\/en\/wp-json\/wp\/v2\/media?parent=4158"}],"wp:term":[{"taxonomy":"product_brand","embeddable":true,"href":"https:\/\/unrincondemexico.com\/en\/wp-json\/wp\/v2\/product_brand?post=4158"},{"taxonomy":"product_cat","embeddable":true,"href":"https:\/\/unrincondemexico.com\/en\/wp-json\/wp\/v2\/product_cat?post=4158"},{"taxonomy":"product_tag","embeddable":true,"href":"https:\/\/unrincondemexico.com\/en\/wp-json\/wp\/v2\/product_tag?post=4158"}],"curies":[{"name":"wp","href":"https:\/\/api.w.org\/{rel}","templated":true}]}}