{"id":4104,"date":"2026-01-19T18:15:19","date_gmt":"2026-01-20T00:15:19","guid":{"rendered":"https:\/\/unrincondemexico.com\/?post_type=product&#038;p=4104"},"modified":"2026-01-28T17:46:19","modified_gmt":"2026-01-28T23:46:19","slug":"vestido-girasol-azul","status":"publish","type":"product","link":"https:\/\/unrincondemexico.com\/en\/product\/vestido-girasol-azul\/","title":{"rendered":"Vestido Semi Corto, de Manta, Girasol Azul"},"content":{"rendered":"<p>Manta Premium\/ Bordado a Mano en hilo de seda<\/p>\n<p>Vestido Semi-Largo , Azul bordado amarillo<\/p>\n<p><strong><em>Unitalla\u00a0 (L) o (L\/XL)<\/em><\/strong><\/p>\n<p>Al ser un producto <strong>100% artesanal<\/strong>, no existen dos piezas id\u00e9nticas. Tu articulo podr\u00eda tener peque\u00f1as diferencias, pero mantendr\u00e1 los mismos colores y estilo que la pieza mostrada.<\/p>\n<p><strong>Cada creaci\u00f3n es \u00fanica y echa especialmente para ti<\/strong><\/p>","protected":false},"excerpt":{"rendered":"<p>Manta Premium\/ Bordado a Mano en hilo de seda Vestido Semi-Largo , Azul bordado amarillo Unitalla\u00a0 (L) o (L\/XL) Al ser un producto 100% artesanal, no existen dos piezas id\u00e9nticas. Tu articulo podr\u00eda tener peque\u00f1as diferencias, pero mantendr\u00e1 los mismos colores y estilo que la pieza mostrada. Cada creaci\u00f3n es \u00fanica y echa especialmente para [&hellip;]<\/p>\n","protected":false},"featured_media":4031,"comment_status":"closed","ping_status":"closed","template":"","meta":{"_acf_changed":false,"_joinchat":[]},"product_brand":[],"product_cat":[30],"product_tag":[35,118,128],"class_list":{"0":"post-4104","1":"product","2":"type-product","3":"status-publish","4":"has-post-thumbnail","6":"product_cat-vestidos","7":"product_tag-ropa-artesanal","8":"product_tag-ropa-tipica-mexicana","9":"product_tag-vestido-mexicano","11":"first","12":"instock","13":"shipping-taxable","14":"purchasable","15":"product-type-variable"},"acf":[],"_links":{"self":[{"href":"https:\/\/unrincondemexico.com\/en\/wp-json\/wp\/v2\/product\/4104","targetHints":{"allow":["GET"]}}],"collection":[{"href":"https:\/\/unrincondemexico.com\/en\/wp-json\/wp\/v2\/product"}],"about":[{"href":"https:\/\/unrincondemexico.com\/en\/wp-json\/wp\/v2\/types\/product"}],"replies":[{"embeddable":true,"href":"https:\/\/unrincondemexico.com\/en\/wp-json\/wp\/v2\/comments?post=4104"}],"wp:featuredmedia":[{"embeddable":true,"href":"https:\/\/unrincondemexico.com\/en\/wp-json\/wp\/v2\/media\/4031"}],"wp:attachment":[{"href":"https:\/\/unrincondemexico.com\/en\/wp-json\/wp\/v2\/media?parent=4104"}],"wp:term":[{"taxonomy":"product_brand","embeddable":true,"href":"https:\/\/unrincondemexico.com\/en\/wp-json\/wp\/v2\/product_brand?post=4104"},{"taxonomy":"product_cat","embeddable":true,"href":"https:\/\/unrincondemexico.com\/en\/wp-json\/wp\/v2\/product_cat?post=4104"},{"taxonomy":"product_tag","embeddable":true,"href":"https:\/\/unrincondemexico.com\/en\/wp-json\/wp\/v2\/product_tag?post=4104"}],"curies":[{"name":"wp","href":"https:\/\/api.w.org\/{rel}","templated":true}]}}