{"id":4067,"date":"2026-01-19T16:18:31","date_gmt":"2026-01-19T22:18:31","guid":{"rendered":"https:\/\/unrincondemexico.com\/?post_type=product&#038;p=4067"},"modified":"2026-03-19T19:15:20","modified_gmt":"2026-03-20T01:15:20","slug":"duo-petunia-copia","status":"publish","type":"product","link":"https:\/\/unrincondemexico.com\/en\/product\/duo-petunia-copia\/","title":{"rendered":"Duo Mexicano Iris"},"content":{"rendered":"<p>&nbsp;<\/p>\n<ul>\n<li>Vestido semi Corto ,Bordado Multicolor <strong><em>Unitalla (M) , (M\/L)\u00a0\u00a0<\/em><\/strong><\/li>\n<\/ul>\n<p><em>Manta Premium\/ Bordado a Mano en hilo de seda<\/em><\/p>\n<ul>\n<li>Guayabera manga corta ( <strong>CHICA 36, MEDIANA 38, GRANDE 40 ,EXTRAGRANDE 42, 2XL 44<\/strong><\/li>\n<\/ul>\n<p>Cuello Mao\/ Normal<em><strong> (DEPENDIENDO DISPONIBLIDAD)<\/strong><\/em><\/p>\n<p><em>Lino\u00a0 Premium\/ Bordado a Mano en hilo de seda<\/em><\/p>\n<ul>\n<li><em>Al ser un producto <strong>100% artesanal,<\/strong> no existen dos piezas id\u00e9nticas. Tu articulo podr\u00eda tener peque\u00f1as diferencias, pero mantendr\u00e1 los mismos colores y estilo que la pieza mostrada. <\/em><\/li>\n<\/ul>\n<p><em>Cada creaci\u00f3n es \u00fanica y echa especialmente para ti<\/em><\/p>","protected":false},"excerpt":{"rendered":"<h3>Guayabera <em><strong>en talla seleccionada\u00a0<\/strong><\/em><br \/>\nVestido<em><strong> Unitalla\u00a0<\/strong><\/em><\/h3>\n<h5><strong><em>Para corroborar tallas enviar un mensaje a los numeros de contacto<\/em><\/strong><\/h5>","protected":false},"featured_media":4046,"comment_status":"closed","ping_status":"closed","template":"","meta":{"_acf_changed":false,"_joinchat":[]},"product_brand":[],"product_cat":[134,31,30],"product_tag":[127,35,129,128],"class_list":{"0":"post-4067","1":"product","2":"type-product","3":"status-publish","4":"has-post-thumbnail","6":"product_cat-duos","7":"product_cat-guayaberas","8":"product_cat-vestidos","9":"product_tag-duo-mexicano","10":"product_tag-ropa-artesanal","11":"product_tag-vestido-blanco-bordado","12":"product_tag-vestido-mexicano","14":"first","15":"instock","16":"shipping-taxable","17":"purchasable","18":"product-type-variable"},"acf":[],"_links":{"self":[{"href":"https:\/\/unrincondemexico.com\/en\/wp-json\/wp\/v2\/product\/4067","targetHints":{"allow":["GET"]}}],"collection":[{"href":"https:\/\/unrincondemexico.com\/en\/wp-json\/wp\/v2\/product"}],"about":[{"href":"https:\/\/unrincondemexico.com\/en\/wp-json\/wp\/v2\/types\/product"}],"replies":[{"embeddable":true,"href":"https:\/\/unrincondemexico.com\/en\/wp-json\/wp\/v2\/comments?post=4067"}],"wp:featuredmedia":[{"embeddable":true,"href":"https:\/\/unrincondemexico.com\/en\/wp-json\/wp\/v2\/media\/4046"}],"wp:attachment":[{"href":"https:\/\/unrincondemexico.com\/en\/wp-json\/wp\/v2\/media?parent=4067"}],"wp:term":[{"taxonomy":"product_brand","embeddable":true,"href":"https:\/\/unrincondemexico.com\/en\/wp-json\/wp\/v2\/product_brand?post=4067"},{"taxonomy":"product_cat","embeddable":true,"href":"https:\/\/unrincondemexico.com\/en\/wp-json\/wp\/v2\/product_cat?post=4067"},{"taxonomy":"product_tag","embeddable":true,"href":"https:\/\/unrincondemexico.com\/en\/wp-json\/wp\/v2\/product_tag?post=4067"}],"curies":[{"name":"wp","href":"https:\/\/api.w.org\/{rel}","templated":true}]}}