{"id":4000,"date":"2026-01-17T14:14:15","date_gmt":"2026-01-17T20:14:15","guid":{"rendered":"https:\/\/unrincondemexico.com\/?post_type=product&#038;p=4000"},"modified":"2026-01-28T18:15:30","modified_gmt":"2026-01-29T00:15:30","slug":"vestido-artesanal-esmeralda","status":"publish","type":"product","link":"https:\/\/unrincondemexico.com\/en\/product\/vestido-artesanal-esmeralda\/","title":{"rendered":"Vestido Semi largo, de Manta, Artesanal Esmeralda"},"content":{"rendered":"<p>Manta Premium\/ Bordado a Mano en hilo de seda<\/p>\n<p>Vestido Largo , Esmeralda<\/p>\n<p><strong><em>Unitalla\u00a0 (XL)\u00a0 O (XL\/XXL)\u00a0<\/em><\/strong><\/p>\n<p>Al ser un producto 100% artesanal, no existen dos piezas id\u00e9nticas. Tu articulo podr\u00eda tener peque\u00f1as diferencias, pero mantendr\u00e1 los mismos colores y estilo que la pieza mostrada.<\/p>\n<p>Cada creaci\u00f3n es \u00fanica y echa especialmente para ti<\/p>","protected":false},"excerpt":{"rendered":"<p>Manta Premium\/ Bordado a Mano en hilo de seda Vestido Largo , Esmeralda Unitalla\u00a0 (XL)\u00a0 O (XL\/XXL)\u00a0 Al ser un producto 100% artesanal, no existen dos piezas id\u00e9nticas. Tu articulo podr\u00eda tener peque\u00f1as diferencias, pero mantendr\u00e1 los mismos colores y estilo que la pieza mostrada. Cada creaci\u00f3n es \u00fanica y echa especialmente para ti<\/p>","protected":false},"featured_media":4010,"comment_status":"closed","ping_status":"closed","template":"","meta":{"_acf_changed":false,"_joinchat":[]},"product_brand":[],"product_cat":[30],"product_tag":[35,118,139,128],"class_list":{"0":"post-4000","1":"product","2":"type-product","3":"status-publish","4":"has-post-thumbnail","6":"product_cat-vestidos","7":"product_tag-ropa-artesanal","8":"product_tag-ropa-tipica-mexicana","9":"product_tag-vestido-bordado","10":"product_tag-vestido-mexicano","12":"first","13":"instock","14":"shipping-taxable","15":"purchasable","16":"product-type-variable"},"acf":[],"_links":{"self":[{"href":"https:\/\/unrincondemexico.com\/en\/wp-json\/wp\/v2\/product\/4000","targetHints":{"allow":["GET"]}}],"collection":[{"href":"https:\/\/unrincondemexico.com\/en\/wp-json\/wp\/v2\/product"}],"about":[{"href":"https:\/\/unrincondemexico.com\/en\/wp-json\/wp\/v2\/types\/product"}],"replies":[{"embeddable":true,"href":"https:\/\/unrincondemexico.com\/en\/wp-json\/wp\/v2\/comments?post=4000"}],"wp:featuredmedia":[{"embeddable":true,"href":"https:\/\/unrincondemexico.com\/en\/wp-json\/wp\/v2\/media\/4010"}],"wp:attachment":[{"href":"https:\/\/unrincondemexico.com\/en\/wp-json\/wp\/v2\/media?parent=4000"}],"wp:term":[{"taxonomy":"product_brand","embeddable":true,"href":"https:\/\/unrincondemexico.com\/en\/wp-json\/wp\/v2\/product_brand?post=4000"},{"taxonomy":"product_cat","embeddable":true,"href":"https:\/\/unrincondemexico.com\/en\/wp-json\/wp\/v2\/product_cat?post=4000"},{"taxonomy":"product_tag","embeddable":true,"href":"https:\/\/unrincondemexico.com\/en\/wp-json\/wp\/v2\/product_tag?post=4000"}],"curies":[{"name":"wp","href":"https:\/\/api.w.org\/{rel}","templated":true}]}}