{"id":3965,"date":"2026-01-17T13:09:40","date_gmt":"2026-01-17T19:09:40","guid":{"rendered":"https:\/\/unrincondemexico.com\/?post_type=product&#038;p=3965"},"modified":"2026-01-28T18:58:11","modified_gmt":"2026-01-29T00:58:11","slug":"vestido-amarillo-multicolor","status":"publish","type":"product","link":"https:\/\/unrincondemexico.com\/en\/product\/vestido-amarillo-multicolor\/","title":{"rendered":"Vestido Semi Corto, de Manta, amarillo multicolor"},"content":{"rendered":"<p>Manta Premium\/ Bordado a Mano en hilo de seda<\/p>\n<p>Vestido Semi-Largo , Amarillo bordado multicolor<\/p>\n<p><strong><em>Unitalla\u00a0 (L)\u00a0<\/em><\/strong><\/p>\n<p>Al ser un producto 100% artesanal, no existen dos piezas id\u00e9nticas. Tu articulo podr\u00eda tener peque\u00f1as diferencias, pero mantendr\u00e1 los mismos colores y estilo que la pieza mostrada.<\/p>\n<p>Cada creaci\u00f3n es \u00fanica y echa especialmente para ti<\/p>","protected":false},"excerpt":{"rendered":"<p>Manta Premium\/ Bordado a Mano en hilo de seda Vestido Semi-Largo , Amarillo bordado multicolor Unitalla\u00a0 (L)\u00a0 Al ser un producto 100% artesanal, no existen dos piezas id\u00e9nticas. Tu articulo podr\u00eda tener peque\u00f1as diferencias, pero mantendr\u00e1 los mismos colores y estilo que la pieza mostrada. Cada creaci\u00f3n es \u00fanica y echa especialmente para ti<\/p>","protected":false},"featured_media":3973,"comment_status":"closed","ping_status":"closed","template":"","meta":{"_acf_changed":false,"_joinchat":[]},"product_brand":[],"product_cat":[30],"product_tag":[35,118,128],"class_list":{"0":"post-3965","1":"product","2":"type-product","3":"status-publish","4":"has-post-thumbnail","6":"product_cat-vestidos","7":"product_tag-ropa-artesanal","8":"product_tag-ropa-tipica-mexicana","9":"product_tag-vestido-mexicano","11":"first","12":"instock","13":"shipping-taxable","14":"purchasable","15":"product-type-variable"},"acf":[],"_links":{"self":[{"href":"https:\/\/unrincondemexico.com\/en\/wp-json\/wp\/v2\/product\/3965","targetHints":{"allow":["GET"]}}],"collection":[{"href":"https:\/\/unrincondemexico.com\/en\/wp-json\/wp\/v2\/product"}],"about":[{"href":"https:\/\/unrincondemexico.com\/en\/wp-json\/wp\/v2\/types\/product"}],"replies":[{"embeddable":true,"href":"https:\/\/unrincondemexico.com\/en\/wp-json\/wp\/v2\/comments?post=3965"}],"wp:featuredmedia":[{"embeddable":true,"href":"https:\/\/unrincondemexico.com\/en\/wp-json\/wp\/v2\/media\/3973"}],"wp:attachment":[{"href":"https:\/\/unrincondemexico.com\/en\/wp-json\/wp\/v2\/media?parent=3965"}],"wp:term":[{"taxonomy":"product_brand","embeddable":true,"href":"https:\/\/unrincondemexico.com\/en\/wp-json\/wp\/v2\/product_brand?post=3965"},{"taxonomy":"product_cat","embeddable":true,"href":"https:\/\/unrincondemexico.com\/en\/wp-json\/wp\/v2\/product_cat?post=3965"},{"taxonomy":"product_tag","embeddable":true,"href":"https:\/\/unrincondemexico.com\/en\/wp-json\/wp\/v2\/product_tag?post=3965"}],"curies":[{"name":"wp","href":"https:\/\/api.w.org\/{rel}","templated":true}]}}