{"id":3957,"date":"2026-01-17T12:14:47","date_gmt":"2026-01-17T18:14:47","guid":{"rendered":"https:\/\/unrincondemexico.com\/?post_type=product&#038;p=3957"},"modified":"2026-01-17T12:45:16","modified_gmt":"2026-01-17T18:45:16","slug":"bata-huipil-artesanal-paloma-lila","status":"publish","type":"product","link":"https:\/\/unrincondemexico.com\/en\/product\/bata-huipil-artesanal-paloma-lila\/","title":{"rendered":"BATA Huipil artesanal paloma lila"},"content":{"rendered":"<p>Manta Premium\/ Bordado a Mano en hilo de seda<\/p>\n<p>Vestido Largo , bordado lila<\/p>\n<p><strong><em>Unitalla\u00a0 (L)\u00a0 O (L\/XL)\u00a0<\/em><\/strong><\/p>\n<p>Al ser un producto 100% artesanal, no existen dos piezas id\u00e9nticas. Tu articulo podr\u00eda tener peque\u00f1as diferencias, pero mantendr\u00e1 los mismos colores y estilo que la pieza mostrada.<\/p>\n<p>Cada creaci\u00f3n es \u00fanica y echa especialmente para ti<\/p>","protected":false},"excerpt":{"rendered":"<p>Manta Premium\/ Bordado a Mano en hilo de seda Vestido Largo , bordado lila Unitalla\u00a0 (L)\u00a0 O (L\/XL)\u00a0 Al ser un producto 100% artesanal, no existen dos piezas id\u00e9nticas. Tu articulo podr\u00eda tener peque\u00f1as diferencias, pero mantendr\u00e1 los mismos colores y estilo que la pieza mostrada. Cada creaci\u00f3n es \u00fanica y echa especialmente para ti<\/p>","protected":false},"featured_media":3963,"comment_status":"closed","ping_status":"closed","template":"","meta":{"_acf_changed":false,"_joinchat":[]},"product_brand":[],"product_cat":[30],"product_tag":[35,118,137,129,128],"class_list":{"0":"post-3957","1":"product","2":"type-product","3":"status-publish","4":"has-post-thumbnail","6":"product_cat-vestidos","7":"product_tag-ropa-artesanal","8":"product_tag-ropa-tipica-mexicana","9":"product_tag-vestido-beige-bordado","10":"product_tag-vestido-blanco-bordado","11":"product_tag-vestido-mexicano","13":"first","14":"instock","15":"shipping-taxable","16":"purchasable","17":"product-type-variable"},"acf":[],"_links":{"self":[{"href":"https:\/\/unrincondemexico.com\/en\/wp-json\/wp\/v2\/product\/3957","targetHints":{"allow":["GET"]}}],"collection":[{"href":"https:\/\/unrincondemexico.com\/en\/wp-json\/wp\/v2\/product"}],"about":[{"href":"https:\/\/unrincondemexico.com\/en\/wp-json\/wp\/v2\/types\/product"}],"replies":[{"embeddable":true,"href":"https:\/\/unrincondemexico.com\/en\/wp-json\/wp\/v2\/comments?post=3957"}],"wp:featuredmedia":[{"embeddable":true,"href":"https:\/\/unrincondemexico.com\/en\/wp-json\/wp\/v2\/media\/3963"}],"wp:attachment":[{"href":"https:\/\/unrincondemexico.com\/en\/wp-json\/wp\/v2\/media?parent=3957"}],"wp:term":[{"taxonomy":"product_brand","embeddable":true,"href":"https:\/\/unrincondemexico.com\/en\/wp-json\/wp\/v2\/product_brand?post=3957"},{"taxonomy":"product_cat","embeddable":true,"href":"https:\/\/unrincondemexico.com\/en\/wp-json\/wp\/v2\/product_cat?post=3957"},{"taxonomy":"product_tag","embeddable":true,"href":"https:\/\/unrincondemexico.com\/en\/wp-json\/wp\/v2\/product_tag?post=3957"}],"curies":[{"name":"wp","href":"https:\/\/api.w.org\/{rel}","templated":true}]}}