{"id":3787,"date":"2026-01-15T18:21:01","date_gmt":"2026-01-16T00:21:01","guid":{"rendered":"https:\/\/unrincondemexico.com\/?post_type=product&#038;p=3787"},"modified":"2026-01-15T18:39:04","modified_gmt":"2026-01-16T00:39:04","slug":"filipina-bordada-de-chefsobre-pedido","status":"publish","type":"product","link":"https:\/\/unrincondemexico.com\/en\/product\/filipina-bordada-de-chefsobre-pedido\/","title":{"rendered":"Filipina BORDADA de CHEF(SOBRE PEDIDO)"},"content":{"rendered":"<p>50% lino 50% algodon<\/p>\n<p>Diferentes colores<\/p>\n<p><strong>Sobrepedido<\/strong> (<em> Envio aproximado de 3 semanas)<\/em><\/p>\n<p><strong><em>Talla (CH\/M), (M\/L),(L\/XL),(XL\/XXL)<\/em><\/strong><\/p>\n<p>Al ser un producto 100% artesanal, no existen dos piezas id\u00e9nticas. Tu articulo podr\u00eda tener peque\u00f1as diferencias, pero mantendr\u00e1 los mismos colores y estilo que la pieza mostrada.<\/p>\n<p>Cada creaci\u00f3n es \u00fanica y echa especialmente para ti<\/p>","protected":false},"excerpt":{"rendered":"<p>50% lino 50% algodon Diferentes colores Sobrepedido ( Envio aproximado de 3 semanas) Talla (CH\/M), (M\/L),(L\/XL),(XL\/XXL) Al ser un producto 100% artesanal, no existen dos piezas id\u00e9nticas. Tu articulo podr\u00eda tener peque\u00f1as diferencias, pero mantendr\u00e1 los mismos colores y estilo que la pieza mostrada. Cada creaci\u00f3n es \u00fanica y echa especialmente para ti<\/p>","protected":false},"featured_media":3794,"comment_status":"closed","ping_status":"closed","template":"","meta":{"_acf_changed":false,"_joinchat":[]},"product_brand":[],"product_cat":[31],"product_tag":[35,120,118],"class_list":{"0":"post-3787","1":"product","2":"type-product","3":"status-publish","4":"has-post-thumbnail","6":"product_cat-guayaberas","7":"product_tag-ropa-artesanal","8":"product_tag-ropa-mexicana","9":"product_tag-ropa-tipica-mexicana","11":"first","12":"instock","13":"shipping-taxable","14":"purchasable","15":"product-type-variable"},"acf":[],"_links":{"self":[{"href":"https:\/\/unrincondemexico.com\/en\/wp-json\/wp\/v2\/product\/3787","targetHints":{"allow":["GET"]}}],"collection":[{"href":"https:\/\/unrincondemexico.com\/en\/wp-json\/wp\/v2\/product"}],"about":[{"href":"https:\/\/unrincondemexico.com\/en\/wp-json\/wp\/v2\/types\/product"}],"replies":[{"embeddable":true,"href":"https:\/\/unrincondemexico.com\/en\/wp-json\/wp\/v2\/comments?post=3787"}],"wp:featuredmedia":[{"embeddable":true,"href":"https:\/\/unrincondemexico.com\/en\/wp-json\/wp\/v2\/media\/3794"}],"wp:attachment":[{"href":"https:\/\/unrincondemexico.com\/en\/wp-json\/wp\/v2\/media?parent=3787"}],"wp:term":[{"taxonomy":"product_brand","embeddable":true,"href":"https:\/\/unrincondemexico.com\/en\/wp-json\/wp\/v2\/product_brand?post=3787"},{"taxonomy":"product_cat","embeddable":true,"href":"https:\/\/unrincondemexico.com\/en\/wp-json\/wp\/v2\/product_cat?post=3787"},{"taxonomy":"product_tag","embeddable":true,"href":"https:\/\/unrincondemexico.com\/en\/wp-json\/wp\/v2\/product_tag?post=3787"}],"curies":[{"name":"wp","href":"https:\/\/api.w.org\/{rel}","templated":true}]}}