{"id":3741,"date":"2026-01-13T17:29:30","date_gmt":"2026-01-13T23:29:30","guid":{"rendered":"https:\/\/unrincondemexico.com\/?post_type=product&#038;p=3741"},"modified":"2026-01-28T19:15:07","modified_gmt":"2026-01-29T01:15:07","slug":"vestiddo-artesnal-tenango","status":"publish","type":"product","link":"https:\/\/unrincondemexico.com\/en\/product\/vestiddo-artesnal-tenango\/","title":{"rendered":"VESTIDO SEMI CORTO, DE MANTA, ARTESNAL TENANGO"},"content":{"rendered":"<p>Al ser un producto 100% artesanal, no existen dos piezas id\u00e9nticas. Tu articulo podr\u00eda tener peque\u00f1as diferencias, pero mantendr\u00e1 los mismos colores y estilo que la pieza mostrada.<\/p>\n<p>Cada creaci\u00f3n es \u00fanica y echa especialmente para ti<\/p>","protected":false},"excerpt":{"rendered":"<p>Al ser un producto 100% artesanal, no existen dos piezas id\u00e9nticas. Tu articulo podr\u00eda tener peque\u00f1as diferencias, pero mantendr\u00e1 los mismos colores y estilo que la pieza mostrada. Cada creaci\u00f3n es \u00fanica y echa especialmente para ti<\/p>","protected":false},"featured_media":3758,"comment_status":"closed","ping_status":"closed","template":"","meta":{"_acf_changed":false,"_joinchat":[]},"product_brand":[],"product_cat":[30],"product_tag":[32,128],"class_list":{"0":"post-3741","1":"product","2":"type-product","3":"status-publish","4":"has-post-thumbnail","6":"product_cat-vestidos","7":"product_tag-vestido","8":"product_tag-vestido-mexicano","10":"first","11":"instock","12":"shipping-taxable","13":"purchasable","14":"product-type-variable"},"acf":[],"_links":{"self":[{"href":"https:\/\/unrincondemexico.com\/en\/wp-json\/wp\/v2\/product\/3741","targetHints":{"allow":["GET"]}}],"collection":[{"href":"https:\/\/unrincondemexico.com\/en\/wp-json\/wp\/v2\/product"}],"about":[{"href":"https:\/\/unrincondemexico.com\/en\/wp-json\/wp\/v2\/types\/product"}],"replies":[{"embeddable":true,"href":"https:\/\/unrincondemexico.com\/en\/wp-json\/wp\/v2\/comments?post=3741"}],"wp:featuredmedia":[{"embeddable":true,"href":"https:\/\/unrincondemexico.com\/en\/wp-json\/wp\/v2\/media\/3758"}],"wp:attachment":[{"href":"https:\/\/unrincondemexico.com\/en\/wp-json\/wp\/v2\/media?parent=3741"}],"wp:term":[{"taxonomy":"product_brand","embeddable":true,"href":"https:\/\/unrincondemexico.com\/en\/wp-json\/wp\/v2\/product_brand?post=3741"},{"taxonomy":"product_cat","embeddable":true,"href":"https:\/\/unrincondemexico.com\/en\/wp-json\/wp\/v2\/product_cat?post=3741"},{"taxonomy":"product_tag","embeddable":true,"href":"https:\/\/unrincondemexico.com\/en\/wp-json\/wp\/v2\/product_tag?post=3741"}],"curies":[{"name":"wp","href":"https:\/\/api.w.org\/{rel}","templated":true}]}}