{"id":3623,"date":"2025-12-17T15:08:14","date_gmt":"2025-12-17T21:08:14","guid":{"rendered":"https:\/\/unrincondemexico.com\/?post_type=product&#038;p=3623"},"modified":"2026-01-15T15:08:41","modified_gmt":"2026-01-15T21:08:41","slug":"vestido-peonia","status":"publish","type":"product","link":"https:\/\/unrincondemexico.com\/en\/product\/vestido-peonia\/","title":{"rendered":"Vestido Peonia"},"content":{"rendered":"<p>Manta Premium\/ Bordado a Mano en hilo de seda<\/p>\n<p>Vestido semi Corto ,Bordado Multicolor<\/p>\n<p><strong>Sobrepedido<\/strong> (<em> Envio aproximado de 3 semanas)<\/em><\/p>\n<p><strong><em>Unitalla (S\/M) , (M\/L)\u00a0 O (L\/XL)\u00a0<\/em><\/strong><\/p>\n<p>Al ser un producto 100% artesanal, no existen dos piezas id\u00e9nticas. Tu articulo podr\u00eda tener peque\u00f1as diferencias, pero mantendr\u00e1 los mismos colores y estilo que la pieza mostrada.<\/p>\n<p>Cada creaci\u00f3n es \u00fanica y echa especialmente para ti<\/p>","protected":false},"excerpt":{"rendered":"<p>Manta Premium\/ Bordado a Mano en hilo de seda Vestido semi Corto ,Bordado Multicolor Sobrepedido ( Envio aproximado de 3 semanas) Unitalla (S\/M) , (M\/L)\u00a0 O (L\/XL)\u00a0 Al ser un producto 100% artesanal, no existen dos piezas id\u00e9nticas. Tu articulo podr\u00eda tener peque\u00f1as diferencias, pero mantendr\u00e1 los mismos colores y estilo que la pieza mostrada. [&hellip;]<\/p>\n","protected":false},"featured_media":3577,"comment_status":"closed","ping_status":"closed","template":"","meta":{"_acf_changed":false,"_joinchat":[]},"product_brand":[],"product_cat":[30],"product_tag":[127,35,129,128],"class_list":{"0":"post-3623","1":"product","2":"type-product","3":"status-publish","4":"has-post-thumbnail","6":"product_cat-vestidos","7":"product_tag-duo-mexicano","8":"product_tag-ropa-artesanal","9":"product_tag-vestido-blanco-bordado","10":"product_tag-vestido-mexicano","12":"first","13":"instock","14":"shipping-taxable","15":"purchasable","16":"product-type-simple"},"acf":[],"_links":{"self":[{"href":"https:\/\/unrincondemexico.com\/en\/wp-json\/wp\/v2\/product\/3623","targetHints":{"allow":["GET"]}}],"collection":[{"href":"https:\/\/unrincondemexico.com\/en\/wp-json\/wp\/v2\/product"}],"about":[{"href":"https:\/\/unrincondemexico.com\/en\/wp-json\/wp\/v2\/types\/product"}],"replies":[{"embeddable":true,"href":"https:\/\/unrincondemexico.com\/en\/wp-json\/wp\/v2\/comments?post=3623"}],"wp:featuredmedia":[{"embeddable":true,"href":"https:\/\/unrincondemexico.com\/en\/wp-json\/wp\/v2\/media\/3577"}],"wp:attachment":[{"href":"https:\/\/unrincondemexico.com\/en\/wp-json\/wp\/v2\/media?parent=3623"}],"wp:term":[{"taxonomy":"product_brand","embeddable":true,"href":"https:\/\/unrincondemexico.com\/en\/wp-json\/wp\/v2\/product_brand?post=3623"},{"taxonomy":"product_cat","embeddable":true,"href":"https:\/\/unrincondemexico.com\/en\/wp-json\/wp\/v2\/product_cat?post=3623"},{"taxonomy":"product_tag","embeddable":true,"href":"https:\/\/unrincondemexico.com\/en\/wp-json\/wp\/v2\/product_tag?post=3623"}],"curies":[{"name":"wp","href":"https:\/\/api.w.org\/{rel}","templated":true}]}}