{"id":3461,"date":"2025-11-10T17:43:31","date_gmt":"2025-11-10T23:43:31","guid":{"rendered":"https:\/\/unrincondemexico.com\/?post_type=product&#038;p=3461"},"modified":"2026-03-06T13:38:52","modified_gmt":"2026-03-06T19:38:52","slug":"guayabera-flor-de-cempazuchil-manga-corta","status":"publish","type":"product","link":"https:\/\/unrincondemexico.com\/en\/product\/guayabera-flor-de-cempazuchil-manga-corta\/","title":{"rendered":"GUAYABERA FLOR DE CEMPASUCHIL MANGA CORTA"},"content":{"rendered":"<p>50% Lino<\/p>\n<p>50% Algod\u00f2n<\/p>\n<p>Manga Corta<\/p>\n<p>Cuello Normal<\/p>\n<p>1 Tira Bordada<\/p>","protected":false},"excerpt":{"rendered":"<p>EDICI\u00d3N ESPECIAL DE UN RINC\u00d3N DE M\u00c9XICO POR TIEMPO LIMITADO<\/p>","protected":false},"featured_media":3465,"comment_status":"closed","ping_status":"closed","template":"","meta":{"_acf_changed":false,"_joinchat":[]},"product_brand":[],"product_cat":[15,31],"product_tag":[133,41,116,132,131,115,114,35,120,118],"class_list":{"0":"post-3461","1":"product","2":"type-product","3":"status-publish","4":"has-post-thumbnail","6":"product_cat-articulos-de-temporada","7":"product_cat-guayaberas","8":"product_tag-cempazuchil","9":"product_tag-guayabera","10":"product_tag-guayabera-de-lino","11":"product_tag-guayabera-dia-de-muertos","12":"product_tag-guayabera-negra","13":"product_tag-guayabera-presidencial","14":"product_tag-guayaberas","15":"product_tag-ropa-artesanal","16":"product_tag-ropa-mexicana","17":"product_tag-ropa-tipica-mexicana","19":"first","20":"instock","21":"shipping-taxable","22":"purchasable","23":"product-type-variable"},"acf":[],"_links":{"self":[{"href":"https:\/\/unrincondemexico.com\/en\/wp-json\/wp\/v2\/product\/3461","targetHints":{"allow":["GET"]}}],"collection":[{"href":"https:\/\/unrincondemexico.com\/en\/wp-json\/wp\/v2\/product"}],"about":[{"href":"https:\/\/unrincondemexico.com\/en\/wp-json\/wp\/v2\/types\/product"}],"replies":[{"embeddable":true,"href":"https:\/\/unrincondemexico.com\/en\/wp-json\/wp\/v2\/comments?post=3461"}],"wp:featuredmedia":[{"embeddable":true,"href":"https:\/\/unrincondemexico.com\/en\/wp-json\/wp\/v2\/media\/3465"}],"wp:attachment":[{"href":"https:\/\/unrincondemexico.com\/en\/wp-json\/wp\/v2\/media?parent=3461"}],"wp:term":[{"taxonomy":"product_brand","embeddable":true,"href":"https:\/\/unrincondemexico.com\/en\/wp-json\/wp\/v2\/product_brand?post=3461"},{"taxonomy":"product_cat","embeddable":true,"href":"https:\/\/unrincondemexico.com\/en\/wp-json\/wp\/v2\/product_cat?post=3461"},{"taxonomy":"product_tag","embeddable":true,"href":"https:\/\/unrincondemexico.com\/en\/wp-json\/wp\/v2\/product_tag?post=3461"}],"curies":[{"name":"wp","href":"https:\/\/api.w.org\/{rel}","templated":true}]}}