{"id":598,"date":"2024-08-21T01:28:35","date_gmt":"2024-08-21T07:28:35","guid":{"rendered":"https:\/\/unrincondemexico.com\/?page_id=598"},"modified":"2024-08-21T01:30:31","modified_gmt":"2024-08-21T07:30:31","slug":"politica-envio","status":"publish","type":"page","link":"https:\/\/unrincondemexico.com\/en\/politica-envio\/","title":{"rendered":"Shipping Policy\u00a0"},"content":{"rendered":"<div data-elementor-type=\"wp-page\" data-elementor-id=\"598\" class=\"elementor elementor-598\" data-elementor-settings=\"{&quot;element_pack_global_tooltip_width&quot;:{&quot;unit&quot;:&quot;px&quot;,&quot;size&quot;:&quot;&quot;,&quot;sizes&quot;:[]},&quot;element_pack_global_tooltip_width_tablet&quot;:{&quot;unit&quot;:&quot;px&quot;,&quot;size&quot;:&quot;&quot;,&quot;sizes&quot;:[]},&quot;element_pack_global_tooltip_width_mobile&quot;:{&quot;unit&quot;:&quot;px&quot;,&quot;size&quot;:&quot;&quot;,&quot;sizes&quot;:[]},&quot;element_pack_global_tooltip_padding&quot;:{&quot;unit&quot;:&quot;px&quot;,&quot;top&quot;:&quot;&quot;,&quot;right&quot;:&quot;&quot;,&quot;bottom&quot;:&quot;&quot;,&quot;left&quot;:&quot;&quot;,&quot;isLinked&quot;:true},&quot;element_pack_global_tooltip_padding_tablet&quot;:{&quot;unit&quot;:&quot;px&quot;,&quot;top&quot;:&quot;&quot;,&quot;right&quot;:&quot;&quot;,&quot;bottom&quot;:&quot;&quot;,&quot;left&quot;:&quot;&quot;,&quot;isLinked&quot;:true},&quot;element_pack_global_tooltip_padding_mobile&quot;:{&quot;unit&quot;:&quot;px&quot;,&quot;top&quot;:&quot;&quot;,&quot;right&quot;:&quot;&quot;,&quot;bottom&quot;:&quot;&quot;,&quot;left&quot;:&quot;&quot;,&quot;isLinked&quot;:true},&quot;element_pack_global_tooltip_border_radius&quot;:{&quot;unit&quot;:&quot;px&quot;,&quot;top&quot;:&quot;&quot;,&quot;right&quot;:&quot;&quot;,&quot;bottom&quot;:&quot;&quot;,&quot;left&quot;:&quot;&quot;,&quot;isLinked&quot;:true},&quot;element_pack_global_tooltip_border_radius_tablet&quot;:{&quot;unit&quot;:&quot;px&quot;,&quot;top&quot;:&quot;&quot;,&quot;right&quot;:&quot;&quot;,&quot;bottom&quot;:&quot;&quot;,&quot;left&quot;:&quot;&quot;,&quot;isLinked&quot;:true},&quot;element_pack_global_tooltip_border_radius_mobile&quot;:{&quot;unit&quot;:&quot;px&quot;,&quot;top&quot;:&quot;&quot;,&quot;right&quot;:&quot;&quot;,&quot;bottom&quot;:&quot;&quot;,&quot;left&quot;:&quot;&quot;,&quot;isLinked&quot;:true}}\" data-elementor-post-type=\"page\">\n\t\t\t\t<div class=\"elementor-element elementor-element-7566a0d e-flex e-con-boxed e-con e-parent\" data-id=\"7566a0d\" data-element_type=\"container\" data-e-type=\"container\">\n\t\t\t\t\t<div class=\"e-con-inner\">\n\t\t\t\t<div class=\"elementor-element elementor-element-6516cef elementor-widget elementor-widget-text-editor\" data-id=\"6516cef\" data-element_type=\"widget\" data-e-type=\"widget\" data-widget_type=\"text-editor.default\">\n\t\t\t\t<div class=\"elementor-widget-container\">\n\t\t\t\t\t\t\t\t\t<h4><b>Shipping Policy\u00a0<\/b><\/h4><p><span style=\"font-weight: 400;\">GASTOS DE ENV\u00cdO Y ENTREGA DE LOS PRODUCTOS<\/span><\/p><p><span style=\"font-weight: 400;\">El tiempo de entrega depende de tu ubicaci\u00f3n y los tiempos de la paqueter\u00eda. Por lo general, nuestros env\u00edos tardan entre 3 y 7 d\u00edas h\u00e1biles. Una vez que realices tu pedido, recibir\u00e1s informaci\u00f3n de seguimiento para que puedas rastrear tu paquete. \u00a1Estamos emocionados de que recibas tus productos lo antes posible!<\/span><\/p><p><b>Un Rinc\u00f3n de Mexico<\/b><span style=\"font-weight: 400;\">\u00a0enviar\u00e1 los productos adquiridos por el Usuario al domicilio especificado por el Usuario para este efecto siempre y cuando dicho domicilio se encuentre dentro del \u00e1rea de cobertura comunicada por <\/span><b>Un Rinc\u00f3n de Mexico.<\/b><\/p><p><span style=\"font-weight: 400;\">El tiempo de entrega inicia a partir de la confirmaci\u00f3n del pago por parte del banco, plataforma de pagos en l\u00ednea, o departamento de Cr\u00e9dito de <\/span><b>Un Rinc\u00f3n de Mexico<\/b><span style=\"font-weight: 400;\">.<\/span><\/p><p><span style=\"font-weight: 400;\">Los productos ser\u00e1n enviados y entregados al Usuario por terceros (en lo sucesivo \u201cEmpresas Transportadoras\u201d). En virtud de lo anterior, el Usuario acepta someterse para el env\u00edo y entrega de los productos a las pol\u00edticas de entrega de las Empresas Transportadoras mismas que se incorporan por referencia a los presentes T\u00e9rminos y Condiciones de Uso.<\/span><\/p><p><span style=\"font-weight: 400;\">El plazo descrito en el Sitio es una estimaci\u00f3n. De esta forma, es posible que tal plazo cambie por razones de log\u00edstica y de fuerza mayor. En la hip\u00f3tesis de que por cualquier evento fortuito o de fuerza mayor que puedan retrasar la entrega de los productos adquiridos en el Sitio, \u00a0<\/span><b>Un Rinc\u00f3n de Mexico <\/b><span style=\"font-weight: 400;\">estar\u00e1 en todo momento exento de cualquier responsabilidad.<\/span><\/p><p><span style=\"font-weight: 400;\">En caso de que el Usuario no haya recibido los productos en el plazo declarado por <\/span><b>Un Rinc\u00f3n de Mexico<\/b><span style=\"font-weight: 400;\"> , deber\u00e1 ponerse en contacto con la Empresa a trav\u00e9s de la central de atenci\u00f3n al cliente.<\/span><\/p><p><span style=\"font-weight: 400;\">El costo del flete se sumar\u00e1 al valor de la mercanc\u00eda adquirida y ser\u00e1 calculado e informado al Usuario antes de la confirmaci\u00f3n de la compra. El costo del flete podr\u00e1 depender de factores como el peso total de la mercanc\u00eda, la distancia y el tipo de entrega, y podr\u00e1 ser modificado por <\/span><b>Un Rinc\u00f3n de Mexico<\/b><span style=\"font-weight: 400;\">\u00a0en cualquier momento sin previa autorizaci\u00f3n del Usuario.<\/span><\/p><p><span style=\"font-weight: 400;\">Al momento de la entrega, ser\u00e1 solicitada a la persona que reciba la mercanc\u00eda una identificaci\u00f3n oficial (credencial de elector, pasaporte, forma migratoria FM2 o licencia de conducir), por lo que se requiere tener este documento a la mano en la entrega de la compra.<\/span><\/p><p><b>Un Rinc\u00f3n de Mexico<\/b><span style=\"font-weight: 400;\">\u00a0sugiere que el Usuario verifique la integridad y calidad de los productos recibidos en el momento de la entrega. Si el Usuario no est\u00e1 satisfecho con los productos, se pide que no reciba la entrega por parte de la Empresa Transportadora y que se comunique inmediatamente con el centro de atenci\u00f3n al cliente de <\/span><b>Un Rinc\u00f3n de Mexico.<\/b><\/p>\t\t\t\t\t\t\t\t<\/div>\n\t\t\t\t<\/div>\n\t\t\t\t\t<\/div>\n\t\t\t\t<\/div>\n\t\t\t\t<\/div>","protected":false},"excerpt":{"rendered":"<p>Pol\u00edtica env\u00edo\u00a0 GASTOS DE ENV\u00cdO Y ENTREGA DE LOS PRODUCTOS El tiempo de entrega depende de tu ubicaci\u00f3n y los tiempos de la paqueter\u00eda. Por lo general, nuestros env\u00edos tardan entre 3 y 7 d\u00edas h\u00e1biles. Una vez que realices tu pedido, recibir\u00e1s informaci\u00f3n de seguimiento para que puedas rastrear tu paquete. \u00a1Estamos emocionados de [&hellip;]<\/p>\n","protected":false},"author":2,"featured_media":0,"parent":0,"menu_order":0,"comment_status":"closed","ping_status":"closed","template":"elementor_header_footer","meta":{"_acf_changed":false,"_joinchat":[],"footnotes":""},"class_list":["post-598","page","type-page","status-publish","hentry"],"acf":[],"_links":{"self":[{"href":"https:\/\/unrincondemexico.com\/en\/wp-json\/wp\/v2\/pages\/598","targetHints":{"allow":["GET"]}}],"collection":[{"href":"https:\/\/unrincondemexico.com\/en\/wp-json\/wp\/v2\/pages"}],"about":[{"href":"https:\/\/unrincondemexico.com\/en\/wp-json\/wp\/v2\/types\/page"}],"author":[{"embeddable":true,"href":"https:\/\/unrincondemexico.com\/en\/wp-json\/wp\/v2\/users\/2"}],"replies":[{"embeddable":true,"href":"https:\/\/unrincondemexico.com\/en\/wp-json\/wp\/v2\/comments?post=598"}],"version-history":[{"count":7,"href":"https:\/\/unrincondemexico.com\/en\/wp-json\/wp\/v2\/pages\/598\/revisions"}],"predecessor-version":[{"id":605,"href":"https:\/\/unrincondemexico.com\/en\/wp-json\/wp\/v2\/pages\/598\/revisions\/605"}],"wp:attachment":[{"href":"https:\/\/unrincondemexico.com\/en\/wp-json\/wp\/v2\/media?parent=598"}],"curies":[{"name":"wp","href":"https:\/\/api.w.org\/{rel}","templated":true}]}}